{"id":23,"date":"2018-02-08T21:28:49","date_gmt":"2018-02-08T21:28:49","guid":{"rendered":"http:\/\/ninja.cod3turk.com\/multi-kurumsal\/?page_id=23"},"modified":"2021-11-06T13:30:03","modified_gmt":"2021-11-06T13:30:03","slug":"iletisim","status":"publish","type":"page","link":"http:\/\/eceabatdogapansiyon.com\/?page_id=23","title":{"rendered":"\u0130LET\u0130\u015e\u0130M"},"content":{"rendered":"<p>[vc_row][vc_column][vc_gmaps link=&#8221;#E-8_JTNDaWZyYW1lJTIwc3JjJTNEJTIyaHR0cHMlM0ElMkYlMkZ3d3cuZ29vZ2xlLmNvbSUyRm1hcHMlMkZlbWJlZCUzRnBiJTNEJTIxMW0xOCUyMTFtMTIlMjExbTMlMjExZDMwNDguNTgyNzg4NDA2MzcyJTIxMmQyNi4zNjE5ODI3MTUyMjQ3NTUlMjEzZDQwLjE3Mzg0MTk3ODI5OTgwNSUyMTJtMyUyMTFmMCUyMTJmMCUyMTNmMCUyMTNtMiUyMTFpMTAyNCUyMTJpNzY4JTIxNGYxMy4xJTIxM20zJTIxMW0yJTIxMXMweDE0YjFhOTg0NWFiMTcyMjMlMjUzQTB4YzM5MzE4MDE0N2ZjMzc1MiUyMTJzRWNlYWJhdCUyNTIwRG8lMjVDNCUyNTlGYSUyNTIwUGFuc2l5b24lMjE1ZTAlMjEzbTIlMjExc3RyJTIxMnN0ciUyMTR2MTYxOTcxNTAzMDUwOCUyMTVtMiUyMTFzdHIlMjEyc3RyJTIyJTIwd2lkdGglM0QlMjI2MDAlMjIlMjBoZWlnaHQlM0QlMjI0NTAlMjIlMjBzdHlsZSUzRCUyMmJvcmRlciUzQTAlM0IlMjIlMjBhbGxvd2Z1bGxzY3JlZW4lM0QlMjIlMjIlMjBsb2FkaW5nJTNEJTIybGF6eSUyMiUzRSUzQyUyRmlmcmFtZSUzRQ==&#8221; size=&#8221;&#8221; title=&#8221;Eceabat Do\u011fa Pansiyon&#8221; el_id=&#8221;dogamap&#8221;][\/vc_column][\/vc_row][vc_row][vc_column][vc_column_text]<strong>Ula\u015f\u0131m<\/strong><\/p>\n<p>Ara\u00e7 veya Feribot<\/p>\n<p><strong>Adres Bilgileri<\/strong><\/p>\n<p>\u0130smetpa\u015fa Mah. Mehmet Akif Ersoy Sok. No 78 Eceabat \/ \u00c7anakkale<\/p>\n<p><strong>Telefon:<\/strong> (0286) 810 00 30 &#8211; 0533 355 1915<br \/>\n<strong>Email: <\/strong>eceabatdogapansiyon@gmail.com<\/p>\n<p><strong>Giri\u015f-\u00c7\u0131k\u0131\u015f Saatleri : 12:00<\/strong>[\/vc_column_text][\/vc_column][vc_column width=&#8221;1\/2&#8243;]<div class=\"fancy_heading fancy_heading_icon\"><h2 class=\"title\">Bize Ula\u015f\u0131n<\/h2><\/div>\n<div role=\"form\" class=\"wpcf7\" id=\"wpcf7-f78-o1\" lang=\"tr-TR\" dir=\"ltr\">\n<div class=\"screen-reader-response\"><p role=\"status\" aria-live=\"polite\" aria-atomic=\"true\"><\/p> <ul><\/ul><\/div>\n<form action=\"\/index.php?rest_route=%2Fwp%2Fv2%2Fpages%2F23#wpcf7-f78-o1\" method=\"post\" class=\"wpcf7-form init\" novalidate=\"novalidate\" data-status=\"init\">\n<div style=\"display: none;\">\n<input type=\"hidden\" name=\"_wpcf7\" value=\"78\" \/>\n<input type=\"hidden\" name=\"_wpcf7_version\" value=\"5.4.1\" \/>\n<input type=\"hidden\" name=\"_wpcf7_locale\" value=\"tr_TR\" \/>\n<input type=\"hidden\" name=\"_wpcf7_unit_tag\" value=\"wpcf7-f78-o1\" \/>\n<input type=\"hidden\" name=\"_wpcf7_container_post\" value=\"0\" \/>\n<input type=\"hidden\" name=\"_wpcf7_posted_data_hash\" value=\"\" \/>\n<\/div>\n<div class=\"column one-third\"><span class=\"wpcf7-form-control-wrap ad\"><input type=\"text\" name=\"ad\" value=\"\" size=\"40\" class=\"wpcf7-form-control wpcf7-text wpcf7-validates-as-required\" aria-required=\"true\" aria-invalid=\"false\" placeholder=\"Ad\u0131n\u0131z Soyad\u0131n\u0131z\" \/><\/span><\/div>\n<div class=\"column one-third\"><span class=\"wpcf7-form-control-wrap email\"><input type=\"email\" name=\"email\" value=\"\" size=\"40\" class=\"wpcf7-form-control wpcf7-text wpcf7-email wpcf7-validates-as-required wpcf7-validates-as-email\" aria-required=\"true\" aria-invalid=\"false\" placeholder=\"E-mail Adresiniz\" \/><\/span><\/div>\n<div class=\"column one-third\"><span class=\"wpcf7-form-control-wrap Konu\"><input type=\"text\" name=\"Konu\" value=\"\" size=\"40\" class=\"wpcf7-form-control wpcf7-text wpcf7-validates-as-required\" aria-required=\"true\" aria-invalid=\"false\" placeholder=\"Konu Ba\u015fl\u0131\u011f\u0131\" \/><\/span><\/div>\n<div class=\"column one\"><span class=\"wpcf7-form-control-wrap mesaj\"><textarea name=\"mesaj\" cols=\"40\" rows=\"10\" class=\"wpcf7-form-control wpcf7-textarea wpcf7-validates-as-required\" aria-required=\"true\" aria-invalid=\"false\" placeholder=\"Mesaj Detaylar\u0131\"><\/textarea><\/span><\/div>\n<div class=\"column one\"><input type=\"submit\" value=\"Mesaj\u0131 G\u00f6nder\" class=\"wpcf7-form-control wpcf7-submit\" \/><\/div>\n<div class=\"wpcf7-response-output\" aria-hidden=\"true\"><\/div><\/form><\/div>[\/vc_column][\/vc_row]<\/p>\n","protected":false},"excerpt":{"rendered":"<p>[vc_row][vc_column][vc_gmaps link=&#8221;#E-8_JTNDaWZyYW1lJTIwc3JjJTNEJTIyaHR0cHMlM0ElMkYlMkZ3d3cuZ29vZ2xlLmNvbSUyRm1hcHMlMkZlbWJlZCUzRnBiJTNEJTIxMW0xOCUyMTFtMTIlMjExbTMlMjExZDMwNDguNTgyNzg4NDA2MzcyJTIxMmQyNi4zNjE5ODI3MTUyMjQ3NTUlMjEzZDQwLjE3Mzg0MTk3ODI5OTgwNSUyMTJtMyUyMTFmMCUyMTJmMCUyMTNmMCUyMTNtMiUyMTFpMTAyNCUyMTJpNzY4JTIxNGYxMy4xJTIxM20zJTIxMW0yJTIxMXMweDE0YjFhOTg0NWFiMTcyMjMlMjUzQTB4YzM5MzE4MDE0N2ZjMzc1MiUyMTJzRWNlYWJhdCUyNTIwRG8lMjVDNCUyNTlGYSUyNTIwUGFuc2l5b24lMjE1ZTAlMjEzbTIlMjExc3RyJTIxMnN0ciUyMTR2MTYxOTcxNTAzMDUwOCUyMTVtMiUyMTFzdHIlMjEyc3RyJTIyJTIwd2lkdGglM0QlMjI2MDAlMjIlMjBoZWlnaHQlM0QlMjI0NTAlMjIlMjBzdHlsZSUzRCUyMmJvcmRlciUzQTAlM0IlMjIlMjBhbGxvd2Z1bGxzY3JlZW4lM0QlMjIlMjIlMjBsb2FkaW5nJTNEJTIybGF6eSUyMiUzRSUzQyUyRmlmcmFtZSUzRQ==&#8221; size=&#8221;&#8221; title=&#8221;Eceabat Do\u011fa Pansiyon&#8221; el_id=&#8221;dogamap&#8221;][\/vc_column][\/vc_row][vc_row][vc_column][vc_column_text]Ula\u015f\u0131m Ara\u00e7 veya Feribot Adres Bilgileri \u0130smetpa\u015fa Mah. Mehmet Akif Ersoy Sok. No 78 Eceabat \/ \u00c7anakkale Telefon: (0286) 810 00 30 &#8211; 0533 355 1915 Email: eceabatdogapansiyon@gmail.com Giri\u015f-\u00c7\u0131k\u0131\u015f [&hellip;]<\/p>\n","protected":false},"author":1,"featured_media":0,"parent":0,"menu_order":0,"comment_status":"closed","ping_status":"closed","template":"","meta":[],"_links":{"self":[{"href":"http:\/\/eceabatdogapansiyon.com\/index.php?rest_route=\/wp\/v2\/pages\/23"}],"collection":[{"href":"http:\/\/eceabatdogapansiyon.com\/index.php?rest_route=\/wp\/v2\/pages"}],"about":[{"href":"http:\/\/eceabatdogapansiyon.com\/index.php?rest_route=\/wp\/v2\/types\/page"}],"author":[{"embeddable":true,"href":"http:\/\/eceabatdogapansiyon.com\/index.php?rest_route=\/wp\/v2\/users\/1"}],"replies":[{"embeddable":true,"href":"http:\/\/eceabatdogapansiyon.com\/index.php?rest_route=%2Fwp%2Fv2%2Fcomments&post=23"}],"version-history":[{"count":17,"href":"http:\/\/eceabatdogapansiyon.com\/index.php?rest_route=\/wp\/v2\/pages\/23\/revisions"}],"predecessor-version":[{"id":386,"href":"http:\/\/eceabatdogapansiyon.com\/index.php?rest_route=\/wp\/v2\/pages\/23\/revisions\/386"}],"wp:attachment":[{"href":"http:\/\/eceabatdogapansiyon.com\/index.php?rest_route=%2Fwp%2Fv2%2Fmedia&parent=23"}],"curies":[{"name":"wp","href":"https:\/\/api.w.org\/{rel}","templated":true}]}}